{"id":887,"date":"2016-01-27T11:35:48","date_gmt":"2016-01-27T10:35:48","guid":{"rendered":"https:\/\/www.migreo.de\/en\/?page_id=887"},"modified":"2017-03-23T16:26:11","modified_gmt":"2017-03-23T15:26:11","slug":"ansprechpartner","status":"publish","type":"page","link":"https:\/\/migreo.de\/en\/ansprechpartner\/","title":{"rendered":"Ansprechpartner (englisch)"},"content":{"rendered":"<p>[fusion_builder_container hundred_percent=&#8221;yes&#8221; overflow=&#8221;visible&#8221;][fusion_builder_row][fusion_builder_column type=&#8221;1_1&#8243; background_position=&#8221;left top&#8221; background_color=&#8221;&#8221; border_size=&#8221;&#8221; border_color=&#8221;&#8221; border_style=&#8221;solid&#8221; spacing=&#8221;yes&#8221; background_image=&#8221;&#8221; background_repeat=&#8221;no-repeat&#8221; padding=&#8221;&#8221; margin_top=&#8221;0px&#8221; margin_bottom=&#8221;0px&#8221; class=&#8221;&#8221; id=&#8221;&#8221; animation_type=&#8221;&#8221; animation_speed=&#8221;0.3&#8243; animation_direction=&#8221;left&#8221; hide_on_mobile=&#8221;no&#8221; center_content=&#8221;no&#8221; min_height=&#8221;none&#8221;][fusion_text]<\/p>\n<table class=\"ansprechpartner table table-striped table-hover\">\n<thead>\n<tr>\n<th>Name<\/th>\n<th>Zust\u00e4ndig bei<\/th>\n<\/tr>\n<\/thead>\n<tbody>\n<tr>\n<td>\n<h2>Annett Noack<\/h2>\n<h3>Integrationsbeauftragte des Landkreises Spree-Nei\u00dfe<\/h3>\n<p>Tel: 03562\/96810003<br \/>\nMail: a.noack-beauftragte@lkspn.de<\/td>\n<td>\n<ul>\n<li>bei Problemen im Zusammenleben zwischen deutschen und ausl\u00e4ndischen B\u00fcrgern<\/li>\n<li>Integration von ausl\u00e4ndischen B\u00fcrgern in die Gesellschaft<\/li>\n<li>Bek\u00e4mpfung der Ausl\u00e4nder- und Fremdenfeindlichkeit<\/li>\n<\/ul>\n<\/td>\n<\/tr>\n<tr>\n<td>\n<h2>Barbara Domke<\/h2>\n<h3>Fl\u00fcchtlingsberatung<\/h3>\n<p>Tel: 0176\/ 10073493<br \/>\nMail: dwee.fluechtlinge@web.de<\/td>\n<td>\n<ul>\n<li>Fragen im Asylverfahren<\/li>\n<\/ul>\n<\/td>\n<\/tr>\n<tr>\n<td>\n<h2>Dr. Andreas Kaiser<\/h2>\n<h3>Stadtverwaltung Forst, Fachbereich Soziales und Familie<\/h3>\n<p>Tel: 03562\/989300<br \/>\nMail: a.kaiser@forst-lausitz.de<\/td>\n<td>\n<ul>\n<li>Fragen zu Schule, Kindergarten und Hort<\/li>\n<\/ul>\n<\/td>\n<\/tr>\n<tr>\n<td>\n<h2>Dorra Uslu<\/h2>\n<h3>Fl\u00fcNet (Fl\u00fcchtlingsnetzwerk Forst)<\/h3>\n<p>Tel: 0175\/ 9456690<br \/>\nMail: dorra.uslu@kom-for.de<\/td>\n<td>\n<ul>\n<li>praktische Unterst\u00fctzung (Beratung, Begleitung, Sprachen, Spenden usw.)<\/li>\n<li>Hilfe durch das Forster Fl\u00fcchtlingsnetzwerk<\/li>\n<\/ul>\n<\/td>\n<\/tr>\n<\/tbody>\n<\/table>\n<p>[\/fusion_text][\/fusion_builder_column][\/fusion_builder_row][\/fusion_builder_container]<\/p>\n","protected":false},"excerpt":{"rendered":"<p>[fusion_builder_container hundred_percent=&#8221;yes&#8221; overflow=&#8221;visible&#8221;][fusion_builder_row][fusion_builder_column type=&#8221;1_1&#8243; background_position=&#8221;left top&#8221; background_color=&#8221;&#8221; border_size=&#8221;&#8221; border_color=&#8221;&#8221; border_style=&#8221;solid&#8221; spacing=&#8221;yes&#8221; background_image=&#8221;&#8221; background_repeat=&#8221;no-repeat&#8221; padding=&#8221;&#8221; margin_top=&#8221;0px&#8221; margin_bottom=&#8221;0px&#8221; class=&#8221;&#8221; id=&#8221;&#8221; animation_type=&#8221;&#8221; animation_speed=&#8221;0.3&#8243; animation_direction=&#8221;left&#8221; hide_on_mobile=&#8221;no&#8221; center_content=&#8221;no&#8221; min_height=&#8221;none&#8221;][fusion_text] Name Zust\u00e4ndig bei Annett Noack Integrationsbeauftragte des Landkreises Spree-Nei\u00dfe Tel: 03562\/96810003 Mail: a.noack-beauftragte@lkspn.de bei Problemen im Zusammenleben zwischen deutschen und ausl\u00e4ndischen B\u00fcrgern Integration von ausl\u00e4ndischen B\u00fcrgern in die Gesellschaft Bek\u00e4mpfung der [&hellip;]<\/p>\n","protected":false},"author":10,"featured_media":0,"parent":0,"menu_order":999,"comment_status":"closed","ping_status":"closed","template":"","meta":{"_mi_skip_tracking":false,"_monsterinsights_sitenote_active":false,"_monsterinsights_sitenote_note":"","_monsterinsights_sitenote_category":0,"footnotes":""},"yoast_head":"<!-- This site is optimized with the Yoast SEO plugin v21.5 - https:\/\/yoast.com\/wordpress\/plugins\/seo\/ -->\n<title>Ansprechpartner (englisch) - FNB_Alt<\/title>\n<meta name=\"robots\" content=\"index, follow, max-snippet:-1, max-image-preview:large, max-video-preview:-1\" \/>\n<link rel=\"canonical\" href=\"https:\/\/migreo.de\/en\/ansprechpartner\/\" \/>\n<meta property=\"og:locale\" content=\"en_US\" \/>\n<meta property=\"og:type\" content=\"article\" \/>\n<meta property=\"og:title\" content=\"Ansprechpartner (englisch) - FNB_Alt\" \/>\n<meta property=\"og:description\" content=\"[fusion_builder_container hundred_percent=&#8221;yes&#8221; overflow=&#8221;visible&#8221;][fusion_builder_row][fusion_builder_column type=&#8221;1_1&#8243; background_position=&#8221;left top&#8221; background_color=&#8221;&#8221; border_size=&#8221;&#8221; border_color=&#8221;&#8221; border_style=&#8221;solid&#8221; spacing=&#8221;yes&#8221; background_image=&#8221;&#8221; background_repeat=&#8221;no-repeat&#8221; padding=&#8221;&#8221; margin_top=&#8221;0px&#8221; margin_bottom=&#8221;0px&#8221; class=&#8221;&#8221; id=&#8221;&#8221; animation_type=&#8221;&#8221; animation_speed=&#8221;0.3&#8243; animation_direction=&#8221;left&#8221; hide_on_mobile=&#8221;no&#8221; center_content=&#8221;no&#8221; min_height=&#8221;none&#8221;][fusion_text] Name Zust\u00e4ndig bei Annett Noack Integrationsbeauftragte des Landkreises Spree-Nei\u00dfe Tel: 03562\/96810003 Mail: a.noack-beauftragte@lkspn.de bei Problemen im Zusammenleben zwischen deutschen und ausl\u00e4ndischen B\u00fcrgern Integration von ausl\u00e4ndischen B\u00fcrgern in die Gesellschaft Bek\u00e4mpfung der [&hellip;]\" \/>\n<meta property=\"og:url\" content=\"https:\/\/migreo.de\/en\/ansprechpartner\/\" \/>\n<meta property=\"og:site_name\" content=\"FNB_Alt\" \/>\n<meta property=\"article:modified_time\" content=\"2017-03-23T15:26:11+00:00\" \/>\n<meta name=\"twitter:card\" content=\"summary_large_image\" \/>\n<meta name=\"twitter:label1\" content=\"Est. reading time\" \/>\n\t<meta name=\"twitter:data1\" content=\"1 minute\" \/>\n<script type=\"application\/ld+json\" class=\"yoast-schema-graph\">{\"@context\":\"https:\/\/schema.org\",\"@graph\":[{\"@type\":\"WebPage\",\"@id\":\"https:\/\/migreo.de\/en\/ansprechpartner\/\",\"url\":\"https:\/\/migreo.de\/en\/ansprechpartner\/\",\"name\":\"Ansprechpartner (englisch) - FNB_Alt\",\"isPartOf\":{\"@id\":\"https:\/\/migreo.de\/#website\"},\"datePublished\":\"2016-01-27T10:35:48+00:00\",\"dateModified\":\"2017-03-23T15:26:11+00:00\",\"breadcrumb\":{\"@id\":\"https:\/\/migreo.de\/en\/ansprechpartner\/#breadcrumb\"},\"inLanguage\":\"en-US\",\"potentialAction\":[{\"@type\":\"ReadAction\",\"target\":[\"https:\/\/migreo.de\/en\/ansprechpartner\/\"]}]},{\"@type\":\"BreadcrumbList\",\"@id\":\"https:\/\/migreo.de\/en\/ansprechpartner\/#breadcrumb\",\"itemListElement\":[{\"@type\":\"ListItem\",\"position\":1,\"name\":\"Startseite\",\"item\":\"https:\/\/migreo.de\/coming-soon\/\"},{\"@type\":\"ListItem\",\"position\":2,\"name\":\"Ansprechpartner (englisch)\"}]},{\"@type\":\"WebSite\",\"@id\":\"https:\/\/migreo.de\/#website\",\"url\":\"https:\/\/migreo.de\/\",\"name\":\"FNB_Alt\",\"description\":\"\",\"potentialAction\":[{\"@type\":\"SearchAction\",\"target\":{\"@type\":\"EntryPoint\",\"urlTemplate\":\"https:\/\/migreo.de\/?s={search_term_string}\"},\"query-input\":\"required name=search_term_string\"}],\"inLanguage\":\"en-US\"}]}<\/script>\n<!-- \/ Yoast SEO plugin. -->","yoast_head_json":{"title":"Ansprechpartner (englisch) - FNB_Alt","robots":{"index":"index","follow":"follow","max-snippet":"max-snippet:-1","max-image-preview":"max-image-preview:large","max-video-preview":"max-video-preview:-1"},"canonical":"https:\/\/migreo.de\/en\/ansprechpartner\/","og_locale":"en_US","og_type":"article","og_title":"Ansprechpartner (englisch) - FNB_Alt","og_description":"[fusion_builder_container hundred_percent=&#8221;yes&#8221; overflow=&#8221;visible&#8221;][fusion_builder_row][fusion_builder_column type=&#8221;1_1&#8243; background_position=&#8221;left top&#8221; background_color=&#8221;&#8221; border_size=&#8221;&#8221; border_color=&#8221;&#8221; border_style=&#8221;solid&#8221; spacing=&#8221;yes&#8221; background_image=&#8221;&#8221; background_repeat=&#8221;no-repeat&#8221; padding=&#8221;&#8221; margin_top=&#8221;0px&#8221; margin_bottom=&#8221;0px&#8221; class=&#8221;&#8221; id=&#8221;&#8221; animation_type=&#8221;&#8221; animation_speed=&#8221;0.3&#8243; animation_direction=&#8221;left&#8221; hide_on_mobile=&#8221;no&#8221; center_content=&#8221;no&#8221; min_height=&#8221;none&#8221;][fusion_text] Name Zust\u00e4ndig bei Annett Noack Integrationsbeauftragte des Landkreises Spree-Nei\u00dfe Tel: 03562\/96810003 Mail: a.noack-beauftragte@lkspn.de bei Problemen im Zusammenleben zwischen deutschen und ausl\u00e4ndischen B\u00fcrgern Integration von ausl\u00e4ndischen B\u00fcrgern in die Gesellschaft Bek\u00e4mpfung der [&hellip;]","og_url":"https:\/\/migreo.de\/en\/ansprechpartner\/","og_site_name":"FNB_Alt","article_modified_time":"2017-03-23T15:26:11+00:00","twitter_card":"summary_large_image","twitter_misc":{"Est. reading time":"1 minute"},"schema":{"@context":"https:\/\/schema.org","@graph":[{"@type":"WebPage","@id":"https:\/\/migreo.de\/en\/ansprechpartner\/","url":"https:\/\/migreo.de\/en\/ansprechpartner\/","name":"Ansprechpartner (englisch) - FNB_Alt","isPartOf":{"@id":"https:\/\/migreo.de\/#website"},"datePublished":"2016-01-27T10:35:48+00:00","dateModified":"2017-03-23T15:26:11+00:00","breadcrumb":{"@id":"https:\/\/migreo.de\/en\/ansprechpartner\/#breadcrumb"},"inLanguage":"en-US","potentialAction":[{"@type":"ReadAction","target":["https:\/\/migreo.de\/en\/ansprechpartner\/"]}]},{"@type":"BreadcrumbList","@id":"https:\/\/migreo.de\/en\/ansprechpartner\/#breadcrumb","itemListElement":[{"@type":"ListItem","position":1,"name":"Startseite","item":"https:\/\/migreo.de\/coming-soon\/"},{"@type":"ListItem","position":2,"name":"Ansprechpartner (englisch)"}]},{"@type":"WebSite","@id":"https:\/\/migreo.de\/#website","url":"https:\/\/migreo.de\/","name":"FNB_Alt","description":"","potentialAction":[{"@type":"SearchAction","target":{"@type":"EntryPoint","urlTemplate":"https:\/\/migreo.de\/?s={search_term_string}"},"query-input":"required name=search_term_string"}],"inLanguage":"en-US"}]}},"_links":{"self":[{"href":"https:\/\/migreo.de\/en\/wp-json\/wp\/v2\/pages\/887"}],"collection":[{"href":"https:\/\/migreo.de\/en\/wp-json\/wp\/v2\/pages"}],"about":[{"href":"https:\/\/migreo.de\/en\/wp-json\/wp\/v2\/types\/page"}],"author":[{"embeddable":true,"href":"https:\/\/migreo.de\/en\/wp-json\/wp\/v2\/users\/10"}],"replies":[{"embeddable":true,"href":"https:\/\/migreo.de\/en\/wp-json\/wp\/v2\/comments?post=887"}],"version-history":[{"count":3,"href":"https:\/\/migreo.de\/en\/wp-json\/wp\/v2\/pages\/887\/revisions"}],"predecessor-version":[{"id":1426,"href":"https:\/\/migreo.de\/en\/wp-json\/wp\/v2\/pages\/887\/revisions\/1426"}],"wp:attachment":[{"href":"https:\/\/migreo.de\/en\/wp-json\/wp\/v2\/media?parent=887"}],"curies":[{"name":"wp","href":"https:\/\/api.w.org\/{rel}","templated":true}]}}