{"id":880,"date":"2016-01-27T11:34:43","date_gmt":"2016-01-27T10:34:43","guid":{"rendered":"https:\/\/www.migreo.de\/fa\/?page_id=880"},"modified":"2017-03-23T16:26:11","modified_gmt":"2017-03-23T15:26:11","slug":"fuer-fluechtlinge","status":"publish","type":"page","link":"https:\/\/migreo.de\/fa\/wegweiser\/fuer-fluechtlinge\/","title":{"rendered":"F\u00fcr Fl\u00fcchtlinge &#8230; (persisch)"},"content":{"rendered":"<p>[fusion_builder_container hundred_percent=&#8221;yes&#8221; overflow=&#8221;visible&#8221;][fusion_builder_row][fusion_builder_column type=&#8221;1_1&#8243; background_position=&#8221;left top&#8221; background_color=&#8221;&#8221; border_size=&#8221;&#8221; border_color=&#8221;&#8221; border_style=&#8221;solid&#8221; spacing=&#8221;yes&#8221; background_image=&#8221;&#8221; background_repeat=&#8221;no-repeat&#8221; padding=&#8221;&#8221; margin_top=&#8221;0px&#8221; margin_bottom=&#8221;0px&#8221; class=&#8221;&#8221; id=&#8221;&#8221; animation_type=&#8221;&#8221; animation_speed=&#8221;0.3&#8243; animation_direction=&#8221;left&#8221; hide_on_mobile=&#8221;no&#8221; center_content=&#8221;no&#8221; min_height=&#8221;none&#8221;][fusion_text]<\/p>\n<h2>Grundrechte<\/h2>\n<p>Die folgenden Grundrechte gelten f\u00fcr ALLE Menschen (M\u00e4nner, Frauen, Kinder) in der Bundesrepublik Deutschland.<\/p>\n<p>Die W\u00fcrde des Menschen ist unantastbar. Der Staat muss sie achten und sch\u00fctzen.<\/p>\n<p>Die <a href=\"http:\/\/www.menschenrechtserklaerung.de\/\" target=\"_blank\">Menschenrechte<\/a> sind Grundlage jeder menschlichen Gemeinschaft, des Friedens und der Gerechtigkeit in der Welt.<\/p>\n<p>Alle Menschen sind vor dem Gesetz gleich. M\u00e4nner und Frauen sind gleichberechtigt.<\/p>\n<p>Niemand darf wegen seines Geschlechtes, seiner Abstammung, seiner Rasse, seiner Sprache, seiner Heimat und Herkunft, seines Glaubens, seiner Religion oder seiner politischen Meinung Nachteile oder Vorz\u00fcge haben.<\/p>\n<p>Jeder Mensch darf frei seinen Glauben\/seine Religion w\u00e4hlen.<\/p>\n<p>Jeder hat das Recht, seine Meinung frei zu \u00e4u\u00dfern.<\/p>\n<p>&nbsp;<\/p>\n<h2>Polizei<\/h2>\n<p>Es gibt einen deutschen Spruch: Die Polizei ist dein Freund und Helfer. Allgemein ist es die Aufgabe der Polizei, die \u00f6ffentliche Ordnung und die \u00f6ffentliche Sicherheit f\u00fcr alle aufrechtzuerhalten. Es gibt Unterschiede zwischen Bundespolizei und der Landespolizei:<\/p>\n<p><em>Bundespolizei<\/em><\/p>\n<p>Die Bundespolizei geh\u00f6rt zum Ministerium des Inneren. Sie sch\u00fctzt die Grenzen von Deutschland. Sie ist zust\u00e4ndig f\u00fcr den Schutz der Grenzen zu Polen, Tschechien, \u00d6sterreich, Frankreich usw. Die Bundespolizei arbeitet au\u00dferdem auf Bahnh\u00f6fen, Flugh\u00e4fen.<\/p>\n<p><em>Landespolizei<\/em><\/p>\n<p>Es gibt f\u00fcr jedes Bundesland (z.B. Brandenburg) eine Landespolizei. Jede Landespolizei arbeitet fast nur in ihrem Bundesland. Eine Aufgabe der Landespolizei ist die Strafverfolgung. Wenn ein Mensch Opfer einer Straftat geworden ist, erstattet er\/sie eine Anzeige.<\/p>\n<p>&nbsp;<\/p>\n<p><strong>WAS<\/strong> wird angezeigt?<\/p>\n<p>Jede Straftat, egal wie klein oder unscheinbar, kann und sollte angezeigt werden.<\/p>\n<p>Straftaten in Bezug auf Extremismus sollten von Fl\u00fcchtlingen dringend angezeigt werden. In Deutschland ist <a href=\"http:\/\/www.recht-gegen-rechts.de\/volksverhetzung.html\" target=\"_blank\">Volksverhetzung <\/a>ein schwerer Rechtsbruch. Volksverhetzung bedeutet, dass eine Person zu Hass und Gewalt gegen eine religi\u00f6se oder ethnische Bev\u00f6lkerungsgruppe aufruft, ihr die Menschenw\u00fcrde abspricht, sie beschimpft oder Falsches \u00fcber sie behauptet.<\/p>\n<p>Wenn ein Rechtsgut bedroht ist (z.B. eine Person, das Eigentum einer Person) sollte die Polizei verst\u00e4ndigt werden. Es gibt auch die M\u00f6glichkeit einer Beschwerde oder Anzeige, wenn man sich ungerecht behandelt f\u00fchlt. St\u00f6rungen wie L\u00e4rmbel\u00e4stigung, Beleidigungen, Ruhest\u00f6rungen k\u00f6nnen der Polizei gemeldet werden.<\/p>\n<p>&nbsp;<\/p>\n<p><strong>WER<\/strong> kann zur Polizei gehen?<\/p>\n<p>JEDER Mensch in Deutschland (Mann, Frau, Kind, Deutscher, Fl\u00fcchtling, usw.) kann sich an die Polizei wenden. Auch wenn jemand nicht wei\u00df, ob er wirklich eine Anzeige erstatten kann, sollte er zur Polizei gehen \u2013 sie HILFT weiter.<\/p>\n<p>Es kostet kein Geld, wenn man im Notfall die Polizei ruft! Es ist ihre Aufgabe, f\u00fcr die Sicherheit ALLER zu sorgen.<\/p>\n<p>&nbsp;<\/p>\n<p><strong>WICHTIG!!!<\/strong><\/p>\n<p>Die Polizei kann nur helfen, wenn sie informiert wird. Deshalb ist es wichtig, eine Straftat zu melden \u2013 daf\u00fcr ist die Polizei da!<\/p>\n<p>F\u00fcr Informationen steht die Revierpolizei gern zur Verf\u00fcgung \u2013 hingehen und fragen kostet nichts!<\/p>\n<p>Auch Fl\u00fcchtlinge haben in Deutschland ein Recht auf die Hilfe und den Schutz der Polizei.<\/p>\n<p>&nbsp;<\/p>\n<p>Der Waffenbesitz (Schusswaffen, Munition) zur Selbstverteidigung ist f\u00fcr Privatpersonen prinzipiell verboten.[\/fusion_text][\/fusion_builder_column][\/fusion_builder_row][\/fusion_builder_container]<\/p>\n","protected":false},"excerpt":{"rendered":"<p>[fusion_builder_container hundred_percent=&#8221;yes&#8221; overflow=&#8221;visible&#8221;][fusion_builder_row][fusion_builder_column type=&#8221;1_1&#8243; background_position=&#8221;left top&#8221; background_color=&#8221;&#8221; border_size=&#8221;&#8221; border_color=&#8221;&#8221; border_style=&#8221;solid&#8221; spacing=&#8221;yes&#8221; background_image=&#8221;&#8221; background_repeat=&#8221;no-repeat&#8221; padding=&#8221;&#8221; margin_top=&#8221;0px&#8221; margin_bottom=&#8221;0px&#8221; class=&#8221;&#8221; id=&#8221;&#8221; animation_type=&#8221;&#8221; animation_speed=&#8221;0.3&#8243; animation_direction=&#8221;left&#8221; hide_on_mobile=&#8221;no&#8221; center_content=&#8221;no&#8221; min_height=&#8221;none&#8221;][fusion_text] Grundrechte Die folgenden Grundrechte gelten f\u00fcr ALLE Menschen (M\u00e4nner, Frauen, Kinder) in der Bundesrepublik Deutschland. Die W\u00fcrde des Menschen ist unantastbar. Der Staat muss sie achten und sch\u00fctzen. Die Menschenrechte sind [&hellip;]<\/p>\n","protected":false},"author":10,"featured_media":0,"parent":874,"menu_order":0,"comment_status":"closed","ping_status":"closed","template":"","meta":{"_mi_skip_tracking":false,"_monsterinsights_sitenote_active":false,"_monsterinsights_sitenote_note":"","_monsterinsights_sitenote_category":0,"footnotes":""},"yoast_head":"<!-- This site is optimized with the Yoast SEO plugin v21.5 - https:\/\/yoast.com\/wordpress\/plugins\/seo\/ -->\n<title>F\u00fcr Fl\u00fcchtlinge ... (persisch) - FNB_Alt<\/title>\n<meta name=\"robots\" content=\"index, follow, max-snippet:-1, max-image-preview:large, max-video-preview:-1\" \/>\n<link rel=\"canonical\" href=\"https:\/\/migreo.de\/fa\/wegweiser\/fuer-fluechtlinge\/\" \/>\n<meta property=\"og:locale\" content=\"fa_IR\" \/>\n<meta property=\"og:type\" content=\"article\" \/>\n<meta property=\"og:title\" content=\"F\u00fcr Fl\u00fcchtlinge ... (persisch) - FNB_Alt\" \/>\n<meta property=\"og:description\" content=\"[fusion_builder_container hundred_percent=&#8221;yes&#8221; overflow=&#8221;visible&#8221;][fusion_builder_row][fusion_builder_column type=&#8221;1_1&#8243; background_position=&#8221;left top&#8221; background_color=&#8221;&#8221; border_size=&#8221;&#8221; border_color=&#8221;&#8221; border_style=&#8221;solid&#8221; spacing=&#8221;yes&#8221; background_image=&#8221;&#8221; background_repeat=&#8221;no-repeat&#8221; padding=&#8221;&#8221; margin_top=&#8221;0px&#8221; margin_bottom=&#8221;0px&#8221; class=&#8221;&#8221; id=&#8221;&#8221; animation_type=&#8221;&#8221; animation_speed=&#8221;0.3&#8243; animation_direction=&#8221;left&#8221; hide_on_mobile=&#8221;no&#8221; center_content=&#8221;no&#8221; min_height=&#8221;none&#8221;][fusion_text] Grundrechte Die folgenden Grundrechte gelten f\u00fcr ALLE Menschen (M\u00e4nner, Frauen, Kinder) in der Bundesrepublik Deutschland. Die W\u00fcrde des Menschen ist unantastbar. Der Staat muss sie achten und sch\u00fctzen. Die Menschenrechte sind [&hellip;]\" \/>\n<meta property=\"og:url\" content=\"https:\/\/migreo.de\/fa\/wegweiser\/fuer-fluechtlinge\/\" \/>\n<meta property=\"og:site_name\" content=\"FNB_Alt\" \/>\n<meta property=\"article:modified_time\" content=\"2017-03-23T15:26:11+00:00\" \/>\n<meta name=\"twitter:card\" content=\"summary_large_image\" \/>\n<meta name=\"twitter:label1\" content=\"\u0632\u0645\u0627\u0646 \u062a\u0642\u0631\u06cc\u0628\u06cc \u0628\u0631\u0627\u06cc \u062e\u0648\u0627\u0646\u062f\u0646\" \/>\n\t<meta name=\"twitter:data1\" content=\"3 \u062f\u0642\u06cc\u0642\u0647\" \/>\n<script type=\"application\/ld+json\" class=\"yoast-schema-graph\">{\"@context\":\"https:\/\/schema.org\",\"@graph\":[{\"@type\":\"WebPage\",\"@id\":\"https:\/\/migreo.de\/fa\/wegweiser\/fuer-fluechtlinge\/\",\"url\":\"https:\/\/migreo.de\/fa\/wegweiser\/fuer-fluechtlinge\/\",\"name\":\"F\u00fcr Fl\u00fcchtlinge ... (persisch) - FNB_Alt\",\"isPartOf\":{\"@id\":\"https:\/\/migreo.de\/#website\"},\"datePublished\":\"2016-01-27T10:34:43+00:00\",\"dateModified\":\"2017-03-23T15:26:11+00:00\",\"breadcrumb\":{\"@id\":\"https:\/\/migreo.de\/fa\/wegweiser\/fuer-fluechtlinge\/#breadcrumb\"},\"inLanguage\":\"fa-IR\",\"potentialAction\":[{\"@type\":\"ReadAction\",\"target\":[\"https:\/\/migreo.de\/fa\/wegweiser\/fuer-fluechtlinge\/\"]}]},{\"@type\":\"BreadcrumbList\",\"@id\":\"https:\/\/migreo.de\/fa\/wegweiser\/fuer-fluechtlinge\/#breadcrumb\",\"itemListElement\":[{\"@type\":\"ListItem\",\"position\":1,\"name\":\"Startseite\",\"item\":\"https:\/\/migreo.de\/coming-soon\/\"},{\"@type\":\"ListItem\",\"position\":2,\"name\":\"Wegweiser persisch\",\"item\":\"https:\/\/migreo.de\/fa\/wegweiser\/\"},{\"@type\":\"ListItem\",\"position\":3,\"name\":\"F\u00fcr Fl\u00fcchtlinge &#8230; (persisch)\"}]},{\"@type\":\"WebSite\",\"@id\":\"https:\/\/migreo.de\/#website\",\"url\":\"https:\/\/migreo.de\/\",\"name\":\"FNB_Alt\",\"description\":\"\",\"potentialAction\":[{\"@type\":\"SearchAction\",\"target\":{\"@type\":\"EntryPoint\",\"urlTemplate\":\"https:\/\/migreo.de\/?s={search_term_string}\"},\"query-input\":\"required name=search_term_string\"}],\"inLanguage\":\"fa-IR\"}]}<\/script>\n<!-- \/ Yoast SEO plugin. -->","yoast_head_json":{"title":"F\u00fcr Fl\u00fcchtlinge ... (persisch) - FNB_Alt","robots":{"index":"index","follow":"follow","max-snippet":"max-snippet:-1","max-image-preview":"max-image-preview:large","max-video-preview":"max-video-preview:-1"},"canonical":"https:\/\/migreo.de\/fa\/wegweiser\/fuer-fluechtlinge\/","og_locale":"fa_IR","og_type":"article","og_title":"F\u00fcr Fl\u00fcchtlinge ... (persisch) - FNB_Alt","og_description":"[fusion_builder_container hundred_percent=&#8221;yes&#8221; overflow=&#8221;visible&#8221;][fusion_builder_row][fusion_builder_column type=&#8221;1_1&#8243; background_position=&#8221;left top&#8221; background_color=&#8221;&#8221; border_size=&#8221;&#8221; border_color=&#8221;&#8221; border_style=&#8221;solid&#8221; spacing=&#8221;yes&#8221; background_image=&#8221;&#8221; background_repeat=&#8221;no-repeat&#8221; padding=&#8221;&#8221; margin_top=&#8221;0px&#8221; margin_bottom=&#8221;0px&#8221; class=&#8221;&#8221; id=&#8221;&#8221; animation_type=&#8221;&#8221; animation_speed=&#8221;0.3&#8243; animation_direction=&#8221;left&#8221; hide_on_mobile=&#8221;no&#8221; center_content=&#8221;no&#8221; min_height=&#8221;none&#8221;][fusion_text] Grundrechte Die folgenden Grundrechte gelten f\u00fcr ALLE Menschen (M\u00e4nner, Frauen, Kinder) in der Bundesrepublik Deutschland. Die W\u00fcrde des Menschen ist unantastbar. Der Staat muss sie achten und sch\u00fctzen. Die Menschenrechte sind [&hellip;]","og_url":"https:\/\/migreo.de\/fa\/wegweiser\/fuer-fluechtlinge\/","og_site_name":"FNB_Alt","article_modified_time":"2017-03-23T15:26:11+00:00","twitter_card":"summary_large_image","twitter_misc":{"\u0632\u0645\u0627\u0646 \u062a\u0642\u0631\u06cc\u0628\u06cc \u0628\u0631\u0627\u06cc \u062e\u0648\u0627\u0646\u062f\u0646":"3 \u062f\u0642\u06cc\u0642\u0647"},"schema":{"@context":"https:\/\/schema.org","@graph":[{"@type":"WebPage","@id":"https:\/\/migreo.de\/fa\/wegweiser\/fuer-fluechtlinge\/","url":"https:\/\/migreo.de\/fa\/wegweiser\/fuer-fluechtlinge\/","name":"F\u00fcr Fl\u00fcchtlinge ... (persisch) - FNB_Alt","isPartOf":{"@id":"https:\/\/migreo.de\/#website"},"datePublished":"2016-01-27T10:34:43+00:00","dateModified":"2017-03-23T15:26:11+00:00","breadcrumb":{"@id":"https:\/\/migreo.de\/fa\/wegweiser\/fuer-fluechtlinge\/#breadcrumb"},"inLanguage":"fa-IR","potentialAction":[{"@type":"ReadAction","target":["https:\/\/migreo.de\/fa\/wegweiser\/fuer-fluechtlinge\/"]}]},{"@type":"BreadcrumbList","@id":"https:\/\/migreo.de\/fa\/wegweiser\/fuer-fluechtlinge\/#breadcrumb","itemListElement":[{"@type":"ListItem","position":1,"name":"Startseite","item":"https:\/\/migreo.de\/coming-soon\/"},{"@type":"ListItem","position":2,"name":"Wegweiser persisch","item":"https:\/\/migreo.de\/fa\/wegweiser\/"},{"@type":"ListItem","position":3,"name":"F\u00fcr Fl\u00fcchtlinge &#8230; (persisch)"}]},{"@type":"WebSite","@id":"https:\/\/migreo.de\/#website","url":"https:\/\/migreo.de\/","name":"FNB_Alt","description":"","potentialAction":[{"@type":"SearchAction","target":{"@type":"EntryPoint","urlTemplate":"https:\/\/migreo.de\/?s={search_term_string}"},"query-input":"required name=search_term_string"}],"inLanguage":"fa-IR"}]}},"_links":{"self":[{"href":"https:\/\/migreo.de\/fa\/wp-json\/wp\/v2\/pages\/880"}],"collection":[{"href":"https:\/\/migreo.de\/fa\/wp-json\/wp\/v2\/pages"}],"about":[{"href":"https:\/\/migreo.de\/fa\/wp-json\/wp\/v2\/types\/page"}],"author":[{"embeddable":true,"href":"https:\/\/migreo.de\/fa\/wp-json\/wp\/v2\/users\/10"}],"replies":[{"embeddable":true,"href":"https:\/\/migreo.de\/fa\/wp-json\/wp\/v2\/comments?post=880"}],"version-history":[{"count":3,"href":"https:\/\/migreo.de\/fa\/wp-json\/wp\/v2\/pages\/880\/revisions"}],"predecessor-version":[{"id":1428,"href":"https:\/\/migreo.de\/fa\/wp-json\/wp\/v2\/pages\/880\/revisions\/1428"}],"up":[{"embeddable":true,"href":"https:\/\/migreo.de\/fa\/wp-json\/wp\/v2\/pages\/874"}],"wp:attachment":[{"href":"https:\/\/migreo.de\/fa\/wp-json\/wp\/v2\/media?parent=880"}],"curies":[{"name":"wp","href":"https:\/\/api.w.org\/{rel}","templated":true}]}}